{"id":25500,"date":"2022-08-28T12:46:14","date_gmt":"2022-08-28T10:46:14","guid":{"rendered":"https:\/\/www.milanherman.cz\/?page_id=25500"},"modified":"2025-05-11T15:54:10","modified_gmt":"2025-05-11T13:54:10","slug":"hudebni-studio","status":"publish","type":"page","link":"https:\/\/www.milanherman.cz\/?page_id=25500","title":{"rendered":"HUDEBN\u00cd STUDIO"},"content":{"rendered":"<p>[et_pb_section fb_built=&#8220;1&#8243; admin_label=&#8220;section&#8220; _builder_version=&#8220;4.17.6&#8243; use_background_color_gradient=&#8220;on&#8220; background_color_gradient_stops=&#8220;#0b0f42 0%|#1b82d6 100%&#8220; custom_margin=&#8220;0px||||false|false&#8220; custom_padding=&#8220;0px||0px||false|false&#8220; transparent_background=&#8220;off&#8220; global_colors_info=&#8220;{}&#8220;][et_pb_row column_structure=&#8220;1_4,1_4,1_4,1_4&#8243; padding_mobile=&#8220;off&#8220; column_padding_mobile=&#8220;on&#8220; admin_label=&#8220;row&#8220; module_class=&#8220; et_pb_row_fullwidth&#8220; _builder_version=&#8220;4.16&#8243; background_size=&#8220;initial&#8220; background_position=&#8220;top_left&#8220; background_repeat=&#8220;repeat&#8220; width=&#8220;89%&#8220; width_tablet=&#8220;80%&#8220; width_phone=&#8220;&#8220; width_last_edited=&#8220;on|desktop&#8220; max_width=&#8220;89%&#8220; max_width_tablet=&#8220;80%&#8220; max_width_phone=&#8220;&#8220; max_width_last_edited=&#8220;on|desktop&#8220; make_fullwidth=&#8220;on&#8220; global_colors_info=&#8220;{}&#8220;][et_pb_column type=&#8220;1_4&#8243; _builder_version=&#8220;4.16&#8243; custom_padding=&#8220;|||&#8220; global_colors_info=&#8220;{}&#8220; custom_padding__hover=&#8220;|||&#8220;][et_pb_blurb title=&#8220;HUDBA&#8220; _builder_version=&#8220;4.17.6&#8243; header_font=&#8220;IBM Plex Serif||||||||&#8220; header_text_color=&#8220;#FFFFFF&#8220; header_font_size=&#8220;25px&#8220; header_line_height=&#8220;0em&#8220; body_font=&#8220;IBM Plex Serif||||||||&#8220; body_text_color=&#8220;#FFFFFF&#8220; body_font_size=&#8220;18px&#8220; body_line_height=&#8220;1.2em&#8220; background_size=&#8220;initial&#8220; background_position=&#8220;top_left&#8220; background_repeat=&#8220;repeat&#8220; text_orientation=&#8220;center&#8220; background_layout=&#8220;dark&#8220; custom_margin=&#8220;19px||||false|false&#8220; header_text_shadow_style=&#8220;preset1&#8243; header_text_shadow_color=&#8220;#000000&#8243; text_shadow_style=&#8220;preset1&#8243; text_shadow_color=&#8220;#000000&#8243; use_border_color=&#8220;off&#8220; border_color=&#8220;#ffffff&#8220; border_width=&#8220;1px&#8220; border_style=&#8220;solid&#8220; global_colors_info=&#8220;{}&#8220;]<\/p>\n<p>&nbsp;<\/p>\n<p>P\u0159\u00edprava hudebn\u00edch z\u00e1klad\u016f<\/p>\n<p>Nahr\u00e1v\u00e1n\u00ed zp\u011bvu<\/p>\n<p>Nahr\u00e1v\u00e1n\u00ed hudebn\u00edch n\u00e1stroj\u016f<\/p>\n<p>Zaji\u0161t\u011bn\u00ed doprovodn\u00fdch\u00a0hudebn\u00edk\u016f<\/p>\n<p>V\u00fdsledn\u00fd mix a mastering<\/p>\n<p>[\/et_pb_blurb][\/et_pb_column][et_pb_column type=&#8220;1_4&#8243; _builder_version=&#8220;4.16&#8243; custom_padding=&#8220;|||&#8220; global_colors_info=&#8220;{}&#8220; custom_padding__hover=&#8220;|||&#8220;][et_pb_blurb title=&#8220;KURZY&#8220; _builder_version=&#8220;4.17.6&#8243; header_font=&#8220;IBM Plex Serif||||||||&#8220; header_text_color=&#8220;#FFFFFF&#8220; header_font_size=&#8220;25px&#8220; header_line_height=&#8220;0em&#8220; body_font=&#8220;IBM Plex Serif||||||||&#8220; body_text_color=&#8220;#FFFFFF&#8220; body_font_size=&#8220;18px&#8220; body_line_height=&#8220;1.2em&#8220; background_size=&#8220;initial&#8220; background_position=&#8220;top_left&#8220; background_repeat=&#8220;repeat&#8220; text_orientation=&#8220;center&#8220; background_layout=&#8220;dark&#8220; custom_margin=&#8220;19px||||false|false&#8220; header_text_shadow_style=&#8220;preset1&#8243; header_text_shadow_color=&#8220;#000000&#8243; text_shadow_style=&#8220;preset1&#8243; text_shadow_color=&#8220;#000000&#8243; use_border_color=&#8220;off&#8220; border_color=&#8220;#ffffff&#8220; border_width=&#8220;1px&#8220; border_style=&#8220;solid&#8220; global_colors_info=&#8220;{}&#8220;]<\/p>\n<p>&nbsp;<\/p>\n<p>Interpretace p\u00edsn\u00ed<\/p>\n<p>Pr\u00e1ce s mikrofonem<\/p>\n<p>Hudebn\u00ed programy<\/p>\n<p>Za\u010d\u00edn\u00e1me hr\u00e1t\u00a0na el. kytaru<\/p>\n<p>Ozvu\u010den\u00ed kapely<\/p>\n<p>[\/et_pb_blurb][\/et_pb_column][et_pb_column type=&#8220;1_4&#8243; _builder_version=&#8220;4.16&#8243; custom_padding=&#8220;|||&#8220; global_colors_info=&#8220;{}&#8220; custom_padding__hover=&#8220;|||&#8220;][et_pb_blurb title=&#8220;VIDEO&#8220; _builder_version=&#8220;4.17.6&#8243; header_font=&#8220;IBM Plex Serif||||||||&#8220; header_text_color=&#8220;#FFFFFF&#8220; header_font_size=&#8220;25px&#8220; header_line_height=&#8220;0em&#8220; body_font=&#8220;IBM Plex Serif||||||||&#8220; body_text_color=&#8220;#FFFFFF&#8220; body_font_size=&#8220;18px&#8220; body_line_height=&#8220;1.2em&#8220; background_size=&#8220;initial&#8220; background_position=&#8220;top_left&#8220; background_repeat=&#8220;repeat&#8220; text_orientation=&#8220;center&#8220; background_layout=&#8220;dark&#8220; custom_margin=&#8220;19px||||false|false&#8220; header_text_shadow_style=&#8220;preset1&#8243; header_text_shadow_color=&#8220;#000000&#8243; text_shadow_style=&#8220;preset1&#8243; text_shadow_color=&#8220;#000000&#8243; use_border_color=&#8220;off&#8220; border_color=&#8220;#ffffff&#8220; border_width=&#8220;1px&#8220; border_style=&#8220;solid&#8220; global_colors_info=&#8220;{}&#8220;]<\/p>\n<p>&nbsp;<\/p>\n<p>Nat\u00e1\u010den\u00ed videoklip\u016f<\/p>\n<p>Kurz nat\u00e1\u010den\u00ed\u00a0videoklip\u016f<\/p>\n<p>Kurz ovl\u00e1d\u00e1n\u00ed st\u0159ihov\u00fdch program\u016f<\/p>\n<p>P\u0159\u00edprava sc\u00e9n\u00e1\u0159e<\/p>\n<p>Youtube<\/p>\n<p>[\/et_pb_blurb][\/et_pb_column][et_pb_column type=&#8220;1_4&#8243; _builder_version=&#8220;4.16&#8243; custom_padding=&#8220;|||&#8220; global_colors_info=&#8220;{}&#8220; custom_padding__hover=&#8220;|||&#8220;][et_pb_blurb title=&#8220;MANAGEMENT&#8220; _builder_version=&#8220;4.17.6&#8243; header_font=&#8220;IBM Plex Serif||||||||&#8220; header_text_color=&#8220;#FFFFFF&#8220; header_font_size=&#8220;25px&#8220; header_line_height=&#8220;0em&#8220; body_font=&#8220;IBM Plex Serif||||||||&#8220; body_text_color=&#8220;#FFFFFF&#8220; body_font_size=&#8220;18px&#8220; body_line_height=&#8220;1.2em&#8220; background_size=&#8220;initial&#8220; background_position=&#8220;top_left&#8220; background_repeat=&#8220;repeat&#8220; text_orientation=&#8220;center&#8220; background_layout=&#8220;dark&#8220; custom_margin=&#8220;19px||||false|false&#8220; header_text_shadow_style=&#8220;preset1&#8243; header_text_shadow_color=&#8220;#000000&#8243; text_shadow_style=&#8220;preset1&#8243; text_shadow_color=&#8220;#000000&#8243; use_border_color=&#8220;off&#8220; border_color=&#8220;#ffffff&#8220; border_width=&#8220;1px&#8220; border_style=&#8220;solid&#8220; global_colors_info=&#8220;{}&#8220;]<\/p>\n<p>&nbsp;<\/p>\n<p>Poradenstv\u00ed &#8211; hudebn\u00ed kari\u00e9ra<\/p>\n<p>Smlouvy<\/p>\n<p>Autorsk\u00e9 pr\u00e1vo<\/p>\n<p>M\u00e9dia<\/p>\n<p>Marketing<\/p>\n<p>[\/et_pb_blurb][\/et_pb_column][\/et_pb_row][et_pb_row column_structure=&#8220;1_2,1_2&#8243; _builder_version=&#8220;4.27.4&#8243; _module_preset=&#8220;default&#8220; hover_enabled=&#8220;0&#8243; global_colors_info=&#8220;{}&#8220; min_height=&#8220;965.3px&#8220; width=&#8220;100%&#8220; max_width=&#8220;2560px&#8220; height=&#8220;955px&#8220; max_height=&#8220;955px&#8220; sticky_enabled=&#8220;0&#8243; custom_margin=&#8220;158px||0px||false|false&#8220;][et_pb_column type=&#8220;1_2&#8243; _builder_version=&#8220;4.17.6&#8243; _module_preset=&#8220;default&#8220; global_colors_info=&#8220;{}&#8220;][et_pb_image src=&#8220;https:\/\/www.milanherman.cz\/wp-content\/uploads\/2023\/11\/Studio-2-1920.png&#8220; title_text=&#8220;Studio 2 1920&#8243; _builder_version=&#8220;4.23.1&#8243; _module_preset=&#8220;default&#8220; border_width_all=&#8220;5px&#8220; border_color_all=&#8220;#FFFFFF&#8220; global_colors_info=&#8220;{}&#8220;][\/et_pb_image][\/et_pb_column][et_pb_column type=&#8220;1_2&#8243; _builder_version=&#8220;4.17.6&#8243; _module_preset=&#8220;default&#8220; global_colors_info=&#8220;{}&#8220;][et_pb_image src=&#8220;https:\/\/www.milanherman.cz\/wp-content\/uploads\/2023\/11\/OBR-10-1920-v2.jpg&#8220; title_text=&#8220;OBR 10 1920 v2&#8243; _builder_version=&#8220;4.23.1&#8243; _module_preset=&#8220;default&#8220; border_width_all=&#8220;5px&#8220; border_color_all=&#8220;#FFFFFF&#8220; global_colors_info=&#8220;{}&#8220;][\/et_pb_image][\/et_pb_column][\/et_pb_row][\/et_pb_section]<\/p>\n","protected":false},"excerpt":{"rendered":"<p>&nbsp; P\u0159\u00edprava hudebn\u00edch z\u00e1klad\u016f Nahr\u00e1v\u00e1n\u00ed zp\u011bvu Nahr\u00e1v\u00e1n\u00ed hudebn\u00edch n\u00e1stroj\u016f Zaji\u0161t\u011bn\u00ed doprovodn\u00fdch\u00a0hudebn\u00edk\u016f V\u00fdsledn\u00fd mix a mastering&nbsp; Interpretace p\u00edsn\u00ed Pr\u00e1ce s mikrofonem Hudebn\u00ed programy Za\u010d\u00edn\u00e1me hr\u00e1t\u00a0na el. kytaru Ozvu\u010den\u00ed kapely&nbsp; Nat\u00e1\u010den\u00ed videoklip\u016f Kurz nat\u00e1\u010den\u00ed\u00a0videoklip\u016f Kurz ovl\u00e1d\u00e1n\u00ed st\u0159ihov\u00fdch program\u016f P\u0159\u00edprava sc\u00e9n\u00e1\u0159e Youtube&nbsp; Poradenstv\u00ed &#8211; hudebn\u00ed kari\u00e9ra Smlouvy Autorsk\u00e9 pr\u00e1vo M\u00e9dia Marketing<\/p>\n","protected":false},"author":1,"featured_media":0,"parent":0,"menu_order":0,"comment_status":"closed","ping_status":"closed","template":"","meta":{"_et_pb_use_builder":"on","_et_pb_old_content":"","_et_gb_content_width":""},"_links":{"self":[{"href":"https:\/\/www.milanherman.cz\/index.php?rest_route=\/wp\/v2\/pages\/25500"}],"collection":[{"href":"https:\/\/www.milanherman.cz\/index.php?rest_route=\/wp\/v2\/pages"}],"about":[{"href":"https:\/\/www.milanherman.cz\/index.php?rest_route=\/wp\/v2\/types\/page"}],"author":[{"embeddable":true,"href":"https:\/\/www.milanherman.cz\/index.php?rest_route=\/wp\/v2\/users\/1"}],"replies":[{"embeddable":true,"href":"https:\/\/www.milanherman.cz\/index.php?rest_route=%2Fwp%2Fv2%2Fcomments&post=25500"}],"version-history":[{"count":19,"href":"https:\/\/www.milanherman.cz\/index.php?rest_route=\/wp\/v2\/pages\/25500\/revisions"}],"predecessor-version":[{"id":25806,"href":"https:\/\/www.milanherman.cz\/index.php?rest_route=\/wp\/v2\/pages\/25500\/revisions\/25806"}],"wp:attachment":[{"href":"https:\/\/www.milanherman.cz\/index.php?rest_route=%2Fwp%2Fv2%2Fmedia&parent=25500"}],"curies":[{"name":"wp","href":"https:\/\/api.w.org\/{rel}","templated":true}]}}